{"id":8522,"date":"2021-11-30T19:20:41","date_gmt":"2021-11-30T19:20:41","guid":{"rendered":"https:\/\/su.babadigital.co\/?post_type=product&#038;p=8522"},"modified":"2023-06-09T10:40:29","modified_gmt":"2023-06-09T10:40:29","slug":"6-aylik-medium","status":"publish","type":"product","link":"https:\/\/su.babadigital.co\/en\/product\/6-aylik-medium\/","title":{"rendered":"6 Ayl\u0131k &#8211; Premium"},"content":{"rendered":"<p>Kendiniz veya sevdikleriniz i\u00e7in g\u00f6nderdi\u011fimiz \u00f6zel \u00e7e\u015fit ve renk ithal \u00e7i\u00e7ekler ile evinizin\/ofisinizin havas\u0131 an\u0131nda de\u011fi\u015fecek. 55 cm uzunlu\u011funda 20 dal \u00e7i\u00e7ekten olu\u015fur.<\/p>\n<p><em>Vazo dahil de\u011fildir.<\/em><\/p>\n<p><em>\u00dcyelik 6 ay\u0131n sonunda sonlanacakt\u0131r.<\/em><\/p>\n<p><em>Haftada 1 opsiyonu 26 haftal\u0131k g\u00f6nderim hizmetini kapsar.<\/em><\/p>\n<p><em>Haftada 2 opsiyonu 13 haftal\u0131k g\u00f6nderim hizmetini kapsar.<\/em><\/p>\n<p><em>Ayda 1 opsiyonu 6 g\u00f6nderim hizmetini kapsar.<\/em><\/p>","protected":false},"excerpt":{"rendered":"<p>Haftan\u0131n s\u00fcrpriz bir g\u00fcn\u00fc g\u00f6nderdi\u011fimiz taptaze ithal \u00e7i\u00e7ekler size ve sevdiklerinize mutluluk getirecek.<\/p>\n<p>Her hafta farkl\u0131 \u00e7e\u015fit ve renkte \u00e7i\u00e7ekler g\u00f6nderilir.<\/p>","protected":false},"featured_media":15280,"comment_status":"open","ping_status":"closed","template":"","meta":[],"product_cat":[355],"product_tag":[245],"class_list":["post-8522","product","type-product","status-publish","has-post-thumbnail","hentry","product_cat-abonelik-alti-aylik","product_tag-abonelik","tm-has-options"],"_links":{"self":[{"href":"https:\/\/su.babadigital.co\/en\/wp-json\/wp\/v2\/product\/8522","targetHints":{"allow":["GET"]}}],"collection":[{"href":"https:\/\/su.babadigital.co\/en\/wp-json\/wp\/v2\/product"}],"about":[{"href":"https:\/\/su.babadigital.co\/en\/wp-json\/wp\/v2\/types\/product"}],"replies":[{"embeddable":true,"href":"https:\/\/su.babadigital.co\/en\/wp-json\/wp\/v2\/comments?post=8522"}],"wp:featuredmedia":[{"embeddable":true,"href":"https:\/\/su.babadigital.co\/en\/wp-json\/wp\/v2\/media\/15280"}],"wp:attachment":[{"href":"https:\/\/su.babadigital.co\/en\/wp-json\/wp\/v2\/media?parent=8522"}],"wp:term":[{"taxonomy":"product_cat","embeddable":true,"href":"https:\/\/su.babadigital.co\/en\/wp-json\/wp\/v2\/product_cat?post=8522"},{"taxonomy":"product_tag","embeddable":true,"href":"https:\/\/su.babadigital.co\/en\/wp-json\/wp\/v2\/product_tag?post=8522"}],"curies":[{"name":"wp","href":"https:\/\/api.w.org\/{rel}","templated":true}]}}