{"id":6623,"date":"2021-09-10T11:51:46","date_gmt":"2021-09-10T11:51:46","guid":{"rendered":"https:\/\/su.babadigital.co\/?post_type=product&#038;p=6623"},"modified":"2023-07-03T10:59:14","modified_gmt":"2023-07-03T10:59:14","slug":"you-are-beautiful","status":"publish","type":"product","link":"https:\/\/su.babadigital.co\/en\/product\/you-are-beautiful\/","title":{"rendered":"You Are Beautiful"},"content":{"rendered":"<p>*Sezonuna g\u00f6re kesme \u00e7i\u00e7ekler farkl\u0131l\u0131k g\u00f6stermektedir. Detaylar i\u00e7in bizimle ileti\u015fime ge\u00e7meyi unutmay\u0131n.<\/p>","protected":false},"excerpt":{"rendered":"<p>Anastasia, ortanca, chrysanthemum, lisianthus ve \u00e7e\u015fitli ye\u015fillikler\u00a0ile bezenmi\u015f \u00e7i\u00e7ek\u00a0buketi.<\/p>","protected":false},"featured_media":6638,"comment_status":"open","ping_status":"closed","template":"","meta":[],"product_cat":[54,202,110],"product_tag":[333,205,273,281,331,206],"class_list":["post-6623","product","type-product","status-publish","has-post-thumbnail","hentry","product_cat-buketler","product_cat-premium-buketler","product_cat-su-flowers","product_tag-anastasia","product_tag-buket","product_tag-chrysanthemum","product_tag-gul","product_tag-ortanca","product_tag-premium","tm-has-options"],"_links":{"self":[{"href":"https:\/\/su.babadigital.co\/en\/wp-json\/wp\/v2\/product\/6623","targetHints":{"allow":["GET"]}}],"collection":[{"href":"https:\/\/su.babadigital.co\/en\/wp-json\/wp\/v2\/product"}],"about":[{"href":"https:\/\/su.babadigital.co\/en\/wp-json\/wp\/v2\/types\/product"}],"replies":[{"embeddable":true,"href":"https:\/\/su.babadigital.co\/en\/wp-json\/wp\/v2\/comments?post=6623"}],"wp:featuredmedia":[{"embeddable":true,"href":"https:\/\/su.babadigital.co\/en\/wp-json\/wp\/v2\/media\/6638"}],"wp:attachment":[{"href":"https:\/\/su.babadigital.co\/en\/wp-json\/wp\/v2\/media?parent=6623"}],"wp:term":[{"taxonomy":"product_cat","embeddable":true,"href":"https:\/\/su.babadigital.co\/en\/wp-json\/wp\/v2\/product_cat?post=6623"},{"taxonomy":"product_tag","embeddable":true,"href":"https:\/\/su.babadigital.co\/en\/wp-json\/wp\/v2\/product_tag?post=6623"}],"curies":[{"name":"wp","href":"https:\/\/api.w.org\/{rel}","templated":true}]}}