{"id":5608,"date":"2021-08-08T13:34:11","date_gmt":"2021-08-08T13:34:11","guid":{"rendered":"https:\/\/su.babadigital.co\/?post_type=product&#038;p=5608"},"modified":"2022-02-21T13:11:28","modified_gmt":"2022-02-21T13:11:28","slug":"dracaena-marginata","status":"publish","type":"product","link":"https:\/\/su.babadigital.co\/en\/product\/dracaena-marginata\/","title":{"rendered":"Dracaena Marginata"},"content":{"rendered":"<p>Dracaena Marginata bitkinizi sulayaca\u011f\u0131n\u0131z su dinlendirilmi\u015f, kloru u\u00e7urulmu\u015f, tortusu \u00e7\u00f6kt\u00fcr\u00fclm\u00fc\u015f su ile sulamal\u0131s\u0131n\u0131z. Yaz\u0131n, \u00e7ok s\u0131caklarda yapraklar\u0131na su f\u0131sf\u0131slayabilirsiniz. Dracaena Marginata bitkiniz direk olarak g\u00fcne\u015f \u0131\u015f\u0131\u011f\u0131na maruz kalmamal\u0131d\u0131r. Parlak da\u011f\u0131n\u0131k \/ filtrelenmi\u015f \u0131\u015f\u0131\u011fa ihtiya\u00e7 duymaktad\u0131r. I\u015f\u0131k eksikli\u011fi oldu\u011fu durumlarda bitkinizin yapraklar\u0131 sarar\u0131r ve d\u00f6k\u00fclmeye ba\u015flar.<\/p>","protected":false},"excerpt":{"rendered":"<p>Ofisinizin havas\u0131n\u0131 de\u011fi\u015ftirecek bitki\u00a0Dracaena Marginata<\/p>","protected":false},"featured_media":5613,"comment_status":"open","ping_status":"closed","template":"","meta":[],"product_cat":[201,57],"product_tag":[],"class_list":["post-5608","product","type-product","status-publish","has-post-thumbnail","hentry","product_cat-su-plants","product_cat-yesil-yaprakli-bitkiler","tm-no-options"],"_links":{"self":[{"href":"https:\/\/su.babadigital.co\/en\/wp-json\/wp\/v2\/product\/5608","targetHints":{"allow":["GET"]}}],"collection":[{"href":"https:\/\/su.babadigital.co\/en\/wp-json\/wp\/v2\/product"}],"about":[{"href":"https:\/\/su.babadigital.co\/en\/wp-json\/wp\/v2\/types\/product"}],"replies":[{"embeddable":true,"href":"https:\/\/su.babadigital.co\/en\/wp-json\/wp\/v2\/comments?post=5608"}],"wp:featuredmedia":[{"embeddable":true,"href":"https:\/\/su.babadigital.co\/en\/wp-json\/wp\/v2\/media\/5613"}],"wp:attachment":[{"href":"https:\/\/su.babadigital.co\/en\/wp-json\/wp\/v2\/media?parent=5608"}],"wp:term":[{"taxonomy":"product_cat","embeddable":true,"href":"https:\/\/su.babadigital.co\/en\/wp-json\/wp\/v2\/product_cat?post=5608"},{"taxonomy":"product_tag","embeddable":true,"href":"https:\/\/su.babadigital.co\/en\/wp-json\/wp\/v2\/product_tag?post=5608"}],"curies":[{"name":"wp","href":"https:\/\/api.w.org\/{rel}","templated":true}]}}