{"id":5605,"date":"2021-08-08T13:29:32","date_gmt":"2021-08-08T13:29:32","guid":{"rendered":"https:\/\/su.babadigital.co\/?post_type=product&#038;p=5605"},"modified":"2022-07-02T13:02:14","modified_gmt":"2022-07-02T13:02:14","slug":"alocasia-yucatan-princess","status":"publish","type":"product","link":"https:\/\/su.babadigital.co\/en\/product\/alocasia-yucatan-princess\/","title":{"rendered":"Alocasia Yucatan Princess"},"content":{"rendered":"<p>Saks\u0131 \u00c7ap: 17cm Bitki Boy: 60cm<\/p>\n<p>Alocasia, Araceae familyas\u0131ndan geni\u015f yaprakl\u0131 rizomat\u00f6z veya yumrulu \u00e7ok y\u0131ll\u0131k \u00e7i\u00e7ekli bitkilerin bir cinsidir. Do\u011fu Avustralya\u2019ya tropikal ve subtropikal Asya\u2019ya \u00f6zg\u00fc ve ba\u015fka yerlerde yayg\u0131n olarak yeti\u015ftirilen 79 t\u00fcr vard\u0131r. Alocasia bitkisi, yaz\u0131n haftada en az 2 kere, k\u0131\u015f aylar\u0131nda ise haftada 1 kere saks\u0131 \u00fcstten sulanmal\u0131d\u0131r. Suyun t\u00fcm topra\u011fa ula\u015fmas\u0131 gerekmektedir. Alocasia bitkisi direk g\u00fcn \u0131\u015f\u0131\u011f\u0131na maruz kalmamal\u0131d\u0131r. Ayd\u0131nl\u0131k yerleri sever. G\u00fcn \u0131\u015f\u0131\u011f\u0131 ald\u0131\u011f\u0131 y\u00f6ne do\u011fru e\u011filim g\u00f6sterebilir. G\u00fcn \u0131\u015f\u0131\u011f\u0131 almayan y\u00f6n\u00fc belirli aral\u0131klarla g\u00fcn \u0131\u015f\u0131\u011f\u0131na \u00e7evirilmelidir. B\u00f6ylece \u00e7i\u00e7e\u011fin bir y\u00f6ne do\u011fru e\u011filimi engellenebilir. <span class=\"Apple-converted-space\">\u00a0<\/span><\/p>","protected":false},"excerpt":{"rendered":"<p>Ayd\u0131nl\u0131k sever bitki Alocasia Yucatan Princess<\/p>","protected":false},"featured_media":5606,"comment_status":"open","ping_status":"closed","template":"","meta":[],"product_cat":[201,57],"product_tag":[],"class_list":["post-5605","product","type-product","status-publish","has-post-thumbnail","hentry","product_cat-su-plants","product_cat-yesil-yaprakli-bitkiler","tm-no-options"],"_links":{"self":[{"href":"https:\/\/su.babadigital.co\/en\/wp-json\/wp\/v2\/product\/5605","targetHints":{"allow":["GET"]}}],"collection":[{"href":"https:\/\/su.babadigital.co\/en\/wp-json\/wp\/v2\/product"}],"about":[{"href":"https:\/\/su.babadigital.co\/en\/wp-json\/wp\/v2\/types\/product"}],"replies":[{"embeddable":true,"href":"https:\/\/su.babadigital.co\/en\/wp-json\/wp\/v2\/comments?post=5605"}],"wp:featuredmedia":[{"embeddable":true,"href":"https:\/\/su.babadigital.co\/en\/wp-json\/wp\/v2\/media\/5606"}],"wp:attachment":[{"href":"https:\/\/su.babadigital.co\/en\/wp-json\/wp\/v2\/media?parent=5605"}],"wp:term":[{"taxonomy":"product_cat","embeddable":true,"href":"https:\/\/su.babadigital.co\/en\/wp-json\/wp\/v2\/product_cat?post=5605"},{"taxonomy":"product_tag","embeddable":true,"href":"https:\/\/su.babadigital.co\/en\/wp-json\/wp\/v2\/product_tag?post=5605"}],"curies":[{"name":"wp","href":"https:\/\/api.w.org\/{rel}","templated":true}]}}