{"id":5571,"date":"2021-08-08T13:13:39","date_gmt":"2021-08-08T13:13:39","guid":{"rendered":"https:\/\/su.babadigital.co\/?post_type=product&#038;p=5571"},"modified":"2022-03-01T11:03:31","modified_gmt":"2022-03-01T11:03:31","slug":"dypsis-lutescens-salon-palmiyesi","status":"publish","type":"product","link":"https:\/\/su.babadigital.co\/en\/product\/dypsis-lutescens-salon-palmiyesi\/","title":{"rendered":"Dypsis Lutescens | Salon Palmiyesi"},"content":{"rendered":"<p>Areka Palmiyesi havay\u0131 temizler, toksinleri ve karbondioksiti yok eder. Odunsu yap\u0131s\u0131 nedeniyle sulamas\u0131 dikkatli yap\u0131lmal\u0131d\u0131r. Yaz\u0131n haftada 1 kez, k\u0131\u015f\u0131n iki haftada bir sulama uygundur. Yar\u0131 g\u00f6lge, do\u011frudan g\u00fcne\u015f \u0131\u015f\u0131\u011f\u0131 olmayan yerleri sever. Yaz d\u00f6neminde su ihtiyac\u0131 fazla olup yapraklar\u0131na s\u0131k s\u0131k su p\u00fcsk\u00fcrtmelidir. K\u0131\u015f\u0131n ise sulama azalt\u0131lmal\u0131d\u0131r.<\/p>\n<p>&nbsp;<\/p>","protected":false},"excerpt":{"rendered":"<p>Evinizin havas\u0131n\u0131 temizleyen Salon Palmiyesi<\/p>","protected":false},"featured_media":5579,"comment_status":"open","ping_status":"closed","template":"","meta":[],"product_cat":[201,57],"product_tag":[],"class_list":["post-5571","product","type-product","status-publish","has-post-thumbnail","hentry","product_cat-su-plants","product_cat-yesil-yaprakli-bitkiler","tm-no-options"],"_links":{"self":[{"href":"https:\/\/su.babadigital.co\/en\/wp-json\/wp\/v2\/product\/5571","targetHints":{"allow":["GET"]}}],"collection":[{"href":"https:\/\/su.babadigital.co\/en\/wp-json\/wp\/v2\/product"}],"about":[{"href":"https:\/\/su.babadigital.co\/en\/wp-json\/wp\/v2\/types\/product"}],"replies":[{"embeddable":true,"href":"https:\/\/su.babadigital.co\/en\/wp-json\/wp\/v2\/comments?post=5571"}],"wp:featuredmedia":[{"embeddable":true,"href":"https:\/\/su.babadigital.co\/en\/wp-json\/wp\/v2\/media\/5579"}],"wp:attachment":[{"href":"https:\/\/su.babadigital.co\/en\/wp-json\/wp\/v2\/media?parent=5571"}],"wp:term":[{"taxonomy":"product_cat","embeddable":true,"href":"https:\/\/su.babadigital.co\/en\/wp-json\/wp\/v2\/product_cat?post=5571"},{"taxonomy":"product_tag","embeddable":true,"href":"https:\/\/su.babadigital.co\/en\/wp-json\/wp\/v2\/product_tag?post=5571"}],"curies":[{"name":"wp","href":"https:\/\/api.w.org\/{rel}","templated":true}]}}