{"id":4630,"date":"2021-07-28T12:36:35","date_gmt":"2021-07-28T12:36:35","guid":{"rendered":"https:\/\/su.babadigital.co\/?post_type=product&#038;p=4630"},"modified":"2023-07-04T11:13:31","modified_gmt":"2023-07-04T11:13:31","slug":"chrysal-orkide-besin-damlasi","status":"publish","type":"product","link":"https:\/\/su.babadigital.co\/en\/product\/chrysal-orkide-besin-damlasi\/","title":{"rendered":"Chrysal Orkide Besin Damlas\u0131"},"content":{"rendered":"<p>Chrysal Orkide Besin Damlalar\u0131\u00a0b\u00fct\u00fcn bir y\u0131l boyunca orkidenizin gereksinim duyaca\u011f\u0131 t\u00fcm g\u0131day\u0131 tek pakette kar\u015f\u0131lad\u0131\u011f\u0131 gibi, onlar\u0131n hem daha sa\u011fl\u0131kl\u0131 ve g\u00fc\u00e7l\u00fc kalmalar\u0131n\u0131, hem de g\u00f6z al\u0131c\u0131 bi\u00e7imde \u00e7i\u00e7ek a\u00e7malar\u0131n\u0131 sa\u011flar.<\/p>","protected":false},"excerpt":{"rendered":"<p>Chrysal Orkide Besin Damlalar\u0131<\/p>","protected":false},"featured_media":4631,"comment_status":"open","ping_status":"closed","template":"","meta":[],"product_cat":[56,110],"product_tag":[233,177],"class_list":["post-4630","product","type-product","status-publish","has-post-thumbnail","hentry","product_cat-orkideler","product_cat-su-flowers","product_tag-damla","product_tag-orkide","tm-no-options"],"_links":{"self":[{"href":"https:\/\/su.babadigital.co\/en\/wp-json\/wp\/v2\/product\/4630","targetHints":{"allow":["GET"]}}],"collection":[{"href":"https:\/\/su.babadigital.co\/en\/wp-json\/wp\/v2\/product"}],"about":[{"href":"https:\/\/su.babadigital.co\/en\/wp-json\/wp\/v2\/types\/product"}],"replies":[{"embeddable":true,"href":"https:\/\/su.babadigital.co\/en\/wp-json\/wp\/v2\/comments?post=4630"}],"wp:featuredmedia":[{"embeddable":true,"href":"https:\/\/su.babadigital.co\/en\/wp-json\/wp\/v2\/media\/4631"}],"wp:attachment":[{"href":"https:\/\/su.babadigital.co\/en\/wp-json\/wp\/v2\/media?parent=4630"}],"wp:term":[{"taxonomy":"product_cat","embeddable":true,"href":"https:\/\/su.babadigital.co\/en\/wp-json\/wp\/v2\/product_cat?post=4630"},{"taxonomy":"product_tag","embeddable":true,"href":"https:\/\/su.babadigital.co\/en\/wp-json\/wp\/v2\/product_tag?post=4630"}],"curies":[{"name":"wp","href":"https:\/\/api.w.org\/{rel}","templated":true}]}}