{"id":4553,"date":"2021-07-25T13:42:27","date_gmt":"2021-07-25T13:42:27","guid":{"rendered":"https:\/\/su.babadigital.co\/?post_type=product&#038;p=4553"},"modified":"2023-07-03T10:57:35","modified_gmt":"2023-07-03T10:57:35","slug":"cant-get-you-out-of-my-head","status":"publish","type":"product","link":"https:\/\/su.babadigital.co\/en\/product\/cant-get-you-out-of-my-head\/","title":{"rendered":"Can\u2019t Get You Out of My Head"},"content":{"rendered":"<p>Dilerseniz buketin yaka \u00e7i\u00e7e\u011fini de sepetinize ekleyebilirsiniz.<\/p>\n<p>Sezonuna g\u00f6re kesme \u00e7i\u00e7ekler farkl\u0131l\u0131k g\u00f6stermektedir. Detaylar i\u00e7in bizimle ileti\u015fime ge\u00e7meyi unutmay\u0131n.<\/p>","protected":false},"excerpt":{"rendered":"<p>Beyaz \u015eakay\u0131k ve ortanca donat\u0131lm\u0131\u015f gelin\/ni\u015fan buketi.<\/p>","protected":false},"featured_media":17728,"comment_status":"open","ping_status":"closed","template":"","meta":[],"product_cat":[54,203,110],"product_tag":[205,207,209,208,331,218],"class_list":["post-4553","product","type-product","status-publish","has-post-thumbnail","hentry","product_cat-buketler","product_cat-dugun-nisan-cicegi","product_cat-su-flowers","product_tag-buket","product_tag-dugun","product_tag-gelin","product_tag-nisan","product_tag-ortanca","product_tag-sakayik","tm-has-options"],"_links":{"self":[{"href":"https:\/\/su.babadigital.co\/en\/wp-json\/wp\/v2\/product\/4553","targetHints":{"allow":["GET"]}}],"collection":[{"href":"https:\/\/su.babadigital.co\/en\/wp-json\/wp\/v2\/product"}],"about":[{"href":"https:\/\/su.babadigital.co\/en\/wp-json\/wp\/v2\/types\/product"}],"replies":[{"embeddable":true,"href":"https:\/\/su.babadigital.co\/en\/wp-json\/wp\/v2\/comments?post=4553"}],"wp:featuredmedia":[{"embeddable":true,"href":"https:\/\/su.babadigital.co\/en\/wp-json\/wp\/v2\/media\/17728"}],"wp:attachment":[{"href":"https:\/\/su.babadigital.co\/en\/wp-json\/wp\/v2\/media?parent=4553"}],"wp:term":[{"taxonomy":"product_cat","embeddable":true,"href":"https:\/\/su.babadigital.co\/en\/wp-json\/wp\/v2\/product_cat?post=4553"},{"taxonomy":"product_tag","embeddable":true,"href":"https:\/\/su.babadigital.co\/en\/wp-json\/wp\/v2\/product_tag?post=4553"}],"curies":[{"name":"wp","href":"https:\/\/api.w.org\/{rel}","templated":true}]}}