{"id":4528,"date":"2021-07-25T13:20:16","date_gmt":"2021-07-25T13:20:16","guid":{"rendered":"https:\/\/su.babadigital.co\/?post_type=product&#038;p=4528"},"modified":"2023-07-03T10:56:40","modified_gmt":"2023-07-03T10:56:40","slug":"im-yours","status":"publish","type":"product","link":"https:\/\/su.babadigital.co\/en\/product\/im-yours\/","title":{"rendered":"I&#8217;m Yours"},"content":{"rendered":"<p>Dilerseniz buketin yaka \u00e7i\u00e7e\u011fini de sepetinize ekleyebilirsiniz.<\/p>\n<p>Sezonuna g\u00f6re \u00e7i\u00e7ekler farkl\u0131l\u0131k g\u00f6stermektedir. Detaylar i\u00e7in bizimle ileti\u015fime ge\u00e7meyi unutmay\u0131n.<\/p>","protected":false},"excerpt":{"rendered":"<p>Banksia ve \u00e7e\u015fitli kuru \u00e7i\u00e7eklerle haz\u0131rlanan gelin\/ni\u015fan buketi.<\/p>","protected":false},"featured_media":4531,"comment_status":"open","ping_status":"closed","template":"","meta":[],"product_cat":[54,203,110],"product_tag":[205,207,209,208],"class_list":["post-4528","product","type-product","status-publish","has-post-thumbnail","hentry","product_cat-buketler","product_cat-dugun-nisan-cicegi","product_cat-su-flowers","product_tag-buket","product_tag-dugun","product_tag-gelin","product_tag-nisan","tm-has-options"],"_links":{"self":[{"href":"https:\/\/su.babadigital.co\/en\/wp-json\/wp\/v2\/product\/4528","targetHints":{"allow":["GET"]}}],"collection":[{"href":"https:\/\/su.babadigital.co\/en\/wp-json\/wp\/v2\/product"}],"about":[{"href":"https:\/\/su.babadigital.co\/en\/wp-json\/wp\/v2\/types\/product"}],"replies":[{"embeddable":true,"href":"https:\/\/su.babadigital.co\/en\/wp-json\/wp\/v2\/comments?post=4528"}],"wp:featuredmedia":[{"embeddable":true,"href":"https:\/\/su.babadigital.co\/en\/wp-json\/wp\/v2\/media\/4531"}],"wp:attachment":[{"href":"https:\/\/su.babadigital.co\/en\/wp-json\/wp\/v2\/media?parent=4528"}],"wp:term":[{"taxonomy":"product_cat","embeddable":true,"href":"https:\/\/su.babadigital.co\/en\/wp-json\/wp\/v2\/product_cat?post=4528"},{"taxonomy":"product_tag","embeddable":true,"href":"https:\/\/su.babadigital.co\/en\/wp-json\/wp\/v2\/product_tag?post=4528"}],"curies":[{"name":"wp","href":"https:\/\/api.w.org\/{rel}","templated":true}]}}