{"id":4499,"date":"2021-07-25T12:54:40","date_gmt":"2021-07-25T12:54:40","guid":{"rendered":"https:\/\/su.babadigital.co\/?post_type=product&#038;p=4499"},"modified":"2023-07-03T10:55:34","modified_gmt":"2023-07-03T10:55:34","slug":"marry-you","status":"publish","type":"product","link":"https:\/\/su.babadigital.co\/en\/product\/marry-you\/","title":{"rendered":"Marry You"},"content":{"rendered":"<p>Sezonuna g\u00f6re \u00e7i\u00e7ekler farkl\u0131l\u0131k g\u00f6stermektedir. Detaylar i\u00e7in bizimle ileti\u015fime ge\u00e7meyi unutmay\u0131n.<\/p>","protected":false},"excerpt":{"rendered":"<p>35 adet ithal Premium g\u00fcller ile haz\u0131rlanan \u00f6zel g\u00fcn \u00e7i\u00e7ek buketi. G\u00fcl rengi talebinize g\u00f6re de\u011fi\u015fiklik g\u00f6sterebilir.<\/p>","protected":false},"featured_media":4502,"comment_status":"open","ping_status":"closed","template":"","meta":[],"product_cat":[54,359,202,110],"product_tag":[205,206],"class_list":["post-4499","product","type-product","status-publish","has-post-thumbnail","hentry","product_cat-buketler","product_cat-ozelgunkoleksiyonu","product_cat-premium-buketler","product_cat-su-flowers","product_tag-buket","product_tag-premium","tm-has-options"],"_links":{"self":[{"href":"https:\/\/su.babadigital.co\/en\/wp-json\/wp\/v2\/product\/4499","targetHints":{"allow":["GET"]}}],"collection":[{"href":"https:\/\/su.babadigital.co\/en\/wp-json\/wp\/v2\/product"}],"about":[{"href":"https:\/\/su.babadigital.co\/en\/wp-json\/wp\/v2\/types\/product"}],"replies":[{"embeddable":true,"href":"https:\/\/su.babadigital.co\/en\/wp-json\/wp\/v2\/comments?post=4499"}],"wp:featuredmedia":[{"embeddable":true,"href":"https:\/\/su.babadigital.co\/en\/wp-json\/wp\/v2\/media\/4502"}],"wp:attachment":[{"href":"https:\/\/su.babadigital.co\/en\/wp-json\/wp\/v2\/media?parent=4499"}],"wp:term":[{"taxonomy":"product_cat","embeddable":true,"href":"https:\/\/su.babadigital.co\/en\/wp-json\/wp\/v2\/product_cat?post=4499"},{"taxonomy":"product_tag","embeddable":true,"href":"https:\/\/su.babadigital.co\/en\/wp-json\/wp\/v2\/product_tag?post=4499"}],"curies":[{"name":"wp","href":"https:\/\/api.w.org\/{rel}","templated":true}]}}