{"id":4483,"date":"2021-07-25T12:48:33","date_gmt":"2021-07-25T12:48:33","guid":{"rendered":"https:\/\/su.babadigital.co\/?post_type=product&#038;p=4483"},"modified":"2023-07-03T10:55:00","modified_gmt":"2023-07-03T10:55:00","slug":"mirrors","status":"publish","type":"product","link":"https:\/\/su.babadigital.co\/en\/product\/mirrors\/","title":{"rendered":"Mirrors"},"content":{"rendered":"<p>Sezonuna g\u00f6re \u00e7i\u00e7ekler farkl\u0131l\u0131k g\u00f6stermektedir. Detaylar i\u00e7in bizimle ileti\u015fime ge\u00e7meyi unutmay\u0131n.<span class=\"Apple-converted-space\">\u00a0<\/span><\/p>","protected":false},"excerpt":{"rendered":"<p>Anastasia, hypericum, ortanca, ithal g\u00fcl, lale, ereng\u00fcl, protea ve \u00e7e\u015fitli ye\u015fillikler ile bezenmi\u015f \u00e7i\u00e7ek buketi.<\/p>","protected":false},"featured_media":4486,"comment_status":"open","ping_status":"closed","template":"","meta":[],"product_cat":[54,359,202,110],"product_tag":[333,205,334,280,331,206,332,218],"class_list":["post-4483","product","type-product","status-publish","has-post-thumbnail","hentry","product_cat-buketler","product_cat-ozelgunkoleksiyonu","product_cat-premium-buketler","product_cat-su-flowers","product_tag-anastasia","product_tag-buket","product_tag-erengul","product_tag-lale","product_tag-ortanca","product_tag-premium","product_tag-protea","product_tag-sakayik","tm-has-options"],"_links":{"self":[{"href":"https:\/\/su.babadigital.co\/en\/wp-json\/wp\/v2\/product\/4483","targetHints":{"allow":["GET"]}}],"collection":[{"href":"https:\/\/su.babadigital.co\/en\/wp-json\/wp\/v2\/product"}],"about":[{"href":"https:\/\/su.babadigital.co\/en\/wp-json\/wp\/v2\/types\/product"}],"replies":[{"embeddable":true,"href":"https:\/\/su.babadigital.co\/en\/wp-json\/wp\/v2\/comments?post=4483"}],"wp:featuredmedia":[{"embeddable":true,"href":"https:\/\/su.babadigital.co\/en\/wp-json\/wp\/v2\/media\/4486"}],"wp:attachment":[{"href":"https:\/\/su.babadigital.co\/en\/wp-json\/wp\/v2\/media?parent=4483"}],"wp:term":[{"taxonomy":"product_cat","embeddable":true,"href":"https:\/\/su.babadigital.co\/en\/wp-json\/wp\/v2\/product_cat?post=4483"},{"taxonomy":"product_tag","embeddable":true,"href":"https:\/\/su.babadigital.co\/en\/wp-json\/wp\/v2\/product_tag?post=4483"}],"curies":[{"name":"wp","href":"https:\/\/api.w.org\/{rel}","templated":true}]}}