{"id":4471,"date":"2021-07-25T12:37:24","date_gmt":"2021-07-25T12:37:24","guid":{"rendered":"https:\/\/su.babadigital.co\/?post_type=product&#038;p=4471"},"modified":"2023-07-03T10:54:36","modified_gmt":"2023-07-03T10:54:36","slug":"courage-to-change","status":"publish","type":"product","link":"https:\/\/su.babadigital.co\/en\/product\/courage-to-change\/","title":{"rendered":"Courage To Change"},"content":{"rendered":"<p>*Sezonuna g\u00f6re \u00e7i\u00e7ekler farkl\u0131l\u0131k g\u00f6stermektedir. Detaylar i\u00e7in bizimle ileti\u015fime ge\u00e7meyi unutmay\u0131n.<span class=\"Apple-converted-space\">\u00a0<\/span><\/p>","protected":false},"excerpt":{"rendered":"<p>Anastasia, ereng\u00fcl, ithal tulipa, delfinyum, matthiola, frezya, karanfil ve \u00e7e\u015fitli ye\u015fillikler ile bezenmi\u015f \u00e7i\u00e7ek buketi.<\/p>","protected":false},"featured_media":4472,"comment_status":"open","ping_status":"closed","template":"","meta":[],"product_cat":[54,202,110],"product_tag":[333,205,334,336,337,280,206],"class_list":["post-4471","product","type-product","status-publish","has-post-thumbnail","hentry","product_cat-buketler","product_cat-premium-buketler","product_cat-su-flowers","product_tag-anastasia","product_tag-buket","product_tag-erengul","product_tag-frezya","product_tag-karanfil","product_tag-lale","product_tag-premium","tm-has-options"],"_links":{"self":[{"href":"https:\/\/su.babadigital.co\/en\/wp-json\/wp\/v2\/product\/4471","targetHints":{"allow":["GET"]}}],"collection":[{"href":"https:\/\/su.babadigital.co\/en\/wp-json\/wp\/v2\/product"}],"about":[{"href":"https:\/\/su.babadigital.co\/en\/wp-json\/wp\/v2\/types\/product"}],"replies":[{"embeddable":true,"href":"https:\/\/su.babadigital.co\/en\/wp-json\/wp\/v2\/comments?post=4471"}],"wp:featuredmedia":[{"embeddable":true,"href":"https:\/\/su.babadigital.co\/en\/wp-json\/wp\/v2\/media\/4472"}],"wp:attachment":[{"href":"https:\/\/su.babadigital.co\/en\/wp-json\/wp\/v2\/media?parent=4471"}],"wp:term":[{"taxonomy":"product_cat","embeddable":true,"href":"https:\/\/su.babadigital.co\/en\/wp-json\/wp\/v2\/product_cat?post=4471"},{"taxonomy":"product_tag","embeddable":true,"href":"https:\/\/su.babadigital.co\/en\/wp-json\/wp\/v2\/product_tag?post=4471"}],"curies":[{"name":"wp","href":"https:\/\/api.w.org\/{rel}","templated":true}]}}