{"id":4218,"date":"2021-07-12T14:58:32","date_gmt":"2021-07-12T14:58:32","guid":{"rendered":"https:\/\/su.babadigital.co\/?post_type=product&#038;p=4218"},"modified":"2022-07-02T12:28:07","modified_gmt":"2022-07-02T12:28:07","slug":"kulplu-hasir-saksi","status":"publish","type":"product","link":"https:\/\/su.babadigital.co\/en\/product\/kulplu-hasir-saksi\/","title":{"rendered":"Kulplu Has\u0131r Saks\u0131"},"content":{"rendered":"<p>Kullan\u0131m \u00d6nerileri: D\u00fczenleyici, Havluluk, Oyuncak Sepeti, Battaniye ve K\u0131rlent Sepeti, Gazetelik ve Dergilik, Saks\u0131<\/p>","protected":false},"excerpt":{"rendered":"<p>Ya\u015fam alan\u0131n\u0131zda s\u0131cak ve do\u011fal dokunu\u015flar yaparak kendi stilinizi yarat\u0131rken, i\u015flevsel \u00f6zelli\u011fi sayesinde bir\u00e7ok \u015fekilde kombinleyebilirsiniz.<\/p>","protected":false},"featured_media":4222,"comment_status":"open","ping_status":"closed","template":"","meta":[],"product_cat":[32,132],"product_tag":[145,147,146],"class_list":["post-4218","product","type-product","status-publish","has-post-thumbnail","hentry","product_cat-saksi-vazo","product_cat-su-concepts","product_tag-hasir","product_tag-kulplu","product_tag-saksi","tm-no-options"],"_links":{"self":[{"href":"https:\/\/su.babadigital.co\/en\/wp-json\/wp\/v2\/product\/4218","targetHints":{"allow":["GET"]}}],"collection":[{"href":"https:\/\/su.babadigital.co\/en\/wp-json\/wp\/v2\/product"}],"about":[{"href":"https:\/\/su.babadigital.co\/en\/wp-json\/wp\/v2\/types\/product"}],"replies":[{"embeddable":true,"href":"https:\/\/su.babadigital.co\/en\/wp-json\/wp\/v2\/comments?post=4218"}],"wp:featuredmedia":[{"embeddable":true,"href":"https:\/\/su.babadigital.co\/en\/wp-json\/wp\/v2\/media\/4222"}],"wp:attachment":[{"href":"https:\/\/su.babadigital.co\/en\/wp-json\/wp\/v2\/media?parent=4218"}],"wp:term":[{"taxonomy":"product_cat","embeddable":true,"href":"https:\/\/su.babadigital.co\/en\/wp-json\/wp\/v2\/product_cat?post=4218"},{"taxonomy":"product_tag","embeddable":true,"href":"https:\/\/su.babadigital.co\/en\/wp-json\/wp\/v2\/product_tag?post=4218"}],"curies":[{"name":"wp","href":"https:\/\/api.w.org\/{rel}","templated":true}]}}