{"id":18225,"date":"2023-07-05T15:18:33","date_gmt":"2023-07-05T15:18:33","guid":{"rendered":"https:\/\/su.babadigital.co\/?post_type=product&#038;p=18225"},"modified":"2023-07-12T14:08:47","modified_gmt":"2023-07-12T14:08:47","slug":"moonstone","status":"publish","type":"product","link":"https:\/\/su.babadigital.co\/en\/product\/moonstone\/","title":{"rendered":"MOONSTONE"},"content":{"rendered":"<p>Buketin yaka \u00e7i\u00e7e\u011fi \u00fcr\u00fcnle birlikte teslim edilir.<\/p>\n<p>Sezonuna g\u00f6re kesme \u00e7i\u00e7ekler farkl\u0131l\u0131k g\u00f6stermektedir. Detaylar i\u00e7in bizimle ileti\u015fime ge\u00e7meyi unutmay\u0131n.<\/p>","protected":false},"excerpt":{"rendered":"<p>\u0130thal lale, chrysanthemum, \u015fakay\u0131k, delfinyum, g\u00fcl ile haz\u0131rlanm\u0131\u015f gelin\/ni\u015fan buketi.<\/p>","protected":false},"featured_media":18281,"comment_status":"open","ping_status":"closed","template":"","meta":[],"product_cat":[370],"product_tag":[371,205,207,209,372],"class_list":["post-18225","product","type-product","status-publish","has-post-thumbnail","hentry","product_cat-premium-bridal","product_tag-bridal","product_tag-buket","product_tag-dugun","product_tag-gelin","product_tag-wedding","tm-no-options"],"_links":{"self":[{"href":"https:\/\/su.babadigital.co\/en\/wp-json\/wp\/v2\/product\/18225","targetHints":{"allow":["GET"]}}],"collection":[{"href":"https:\/\/su.babadigital.co\/en\/wp-json\/wp\/v2\/product"}],"about":[{"href":"https:\/\/su.babadigital.co\/en\/wp-json\/wp\/v2\/types\/product"}],"replies":[{"embeddable":true,"href":"https:\/\/su.babadigital.co\/en\/wp-json\/wp\/v2\/comments?post=18225"}],"wp:featuredmedia":[{"embeddable":true,"href":"https:\/\/su.babadigital.co\/en\/wp-json\/wp\/v2\/media\/18281"}],"wp:attachment":[{"href":"https:\/\/su.babadigital.co\/en\/wp-json\/wp\/v2\/media?parent=18225"}],"wp:term":[{"taxonomy":"product_cat","embeddable":true,"href":"https:\/\/su.babadigital.co\/en\/wp-json\/wp\/v2\/product_cat?post=18225"},{"taxonomy":"product_tag","embeddable":true,"href":"https:\/\/su.babadigital.co\/en\/wp-json\/wp\/v2\/product_tag?post=18225"}],"curies":[{"name":"wp","href":"https:\/\/api.w.org\/{rel}","templated":true}]}}