{"id":17891,"date":"2023-02-04T19:23:45","date_gmt":"2023-02-04T19:23:45","guid":{"rendered":"https:\/\/su.babadigital.co\/?post_type=product&#038;p=17891"},"modified":"2023-07-03T11:23:07","modified_gmt":"2023-07-03T11:23:07","slug":"solitude","status":"publish","type":"product","link":"https:\/\/su.babadigital.co\/en\/product\/solitude\/","title":{"rendered":"Solitude"},"content":{"rendered":"<p>*Sezonuna g\u00f6re \u00e7i\u00e7ekler farkl\u0131l\u0131k g\u00f6stermektedir. Detaylar i\u00e7in bizimle ileti\u015fime ge\u00e7meyi unutmay\u0131n.<span class=\"Apple-converted-space\">\u00a0<\/span><\/p>","protected":false},"excerpt":{"rendered":"<p>\u015eakay\u0131k, gala, ortanca, g\u00fcl, lisyanthus, astilbe ve \u00e7e\u015fitli ye\u015fillikler ile bezenmi\u015f \u00e7i\u00e7ek buketi<\/p>","protected":false},"featured_media":18069,"comment_status":"open","ping_status":"closed","template":"","meta":[],"product_cat":[54,359,202,110],"product_tag":[205,280,177,206],"class_list":["post-17891","product","type-product","status-publish","has-post-thumbnail","hentry","product_cat-buketler","product_cat-ozelgunkoleksiyonu","product_cat-premium-buketler","product_cat-su-flowers","product_tag-buket","product_tag-lale","product_tag-orkide","product_tag-premium","tm-has-options"],"_links":{"self":[{"href":"https:\/\/su.babadigital.co\/en\/wp-json\/wp\/v2\/product\/17891","targetHints":{"allow":["GET"]}}],"collection":[{"href":"https:\/\/su.babadigital.co\/en\/wp-json\/wp\/v2\/product"}],"about":[{"href":"https:\/\/su.babadigital.co\/en\/wp-json\/wp\/v2\/types\/product"}],"replies":[{"embeddable":true,"href":"https:\/\/su.babadigital.co\/en\/wp-json\/wp\/v2\/comments?post=17891"}],"wp:featuredmedia":[{"embeddable":true,"href":"https:\/\/su.babadigital.co\/en\/wp-json\/wp\/v2\/media\/18069"}],"wp:attachment":[{"href":"https:\/\/su.babadigital.co\/en\/wp-json\/wp\/v2\/media?parent=17891"}],"wp:term":[{"taxonomy":"product_cat","embeddable":true,"href":"https:\/\/su.babadigital.co\/en\/wp-json\/wp\/v2\/product_cat?post=17891"},{"taxonomy":"product_tag","embeddable":true,"href":"https:\/\/su.babadigital.co\/en\/wp-json\/wp\/v2\/product_tag?post=17891"}],"curies":[{"name":"wp","href":"https:\/\/api.w.org\/{rel}","templated":true}]}}