{"id":17725,"date":"2022-09-13T14:47:41","date_gmt":"2022-09-13T14:47:41","guid":{"rendered":"https:\/\/su.babadigital.co\/?post_type=product&#038;p=17725"},"modified":"2023-07-03T11:22:55","modified_gmt":"2023-07-03T11:22:55","slug":"i-walk-the-line","status":"publish","type":"product","link":"https:\/\/su.babadigital.co\/en\/product\/i-walk-the-line\/","title":{"rendered":"I Walk The Line"},"content":{"rendered":"<p>Dilerseniz buketin yaka \u00e7i\u00e7e\u011fini de sepetinize ekleyebilirsiniz.<\/p>\n<p>Sezonuna g\u00f6re kesme \u00e7i\u00e7ekler farkl\u0131l\u0131k g\u00f6stermektedir. Detaylar i\u00e7in bizimle ileti\u015fime ge\u00e7meyi unutmay\u0131n.<\/p>","protected":false},"excerpt":{"rendered":"<p>\u0130thal Orkide, anastasia ve lale ile haz\u0131rlanm\u0131\u015f gelin\/ni\u015fan buketi.<\/p>","protected":false},"featured_media":17733,"comment_status":"open","ping_status":"closed","template":"","meta":[],"product_cat":[54,203,110],"product_tag":[205,207,209,208,177],"class_list":["post-17725","product","type-product","status-publish","has-post-thumbnail","hentry","product_cat-buketler","product_cat-dugun-nisan-cicegi","product_cat-su-flowers","product_tag-buket","product_tag-dugun","product_tag-gelin","product_tag-nisan","product_tag-orkide","tm-has-options"],"_links":{"self":[{"href":"https:\/\/su.babadigital.co\/en\/wp-json\/wp\/v2\/product\/17725","targetHints":{"allow":["GET"]}}],"collection":[{"href":"https:\/\/su.babadigital.co\/en\/wp-json\/wp\/v2\/product"}],"about":[{"href":"https:\/\/su.babadigital.co\/en\/wp-json\/wp\/v2\/types\/product"}],"replies":[{"embeddable":true,"href":"https:\/\/su.babadigital.co\/en\/wp-json\/wp\/v2\/comments?post=17725"}],"wp:featuredmedia":[{"embeddable":true,"href":"https:\/\/su.babadigital.co\/en\/wp-json\/wp\/v2\/media\/17733"}],"wp:attachment":[{"href":"https:\/\/su.babadigital.co\/en\/wp-json\/wp\/v2\/media?parent=17725"}],"wp:term":[{"taxonomy":"product_cat","embeddable":true,"href":"https:\/\/su.babadigital.co\/en\/wp-json\/wp\/v2\/product_cat?post=17725"},{"taxonomy":"product_tag","embeddable":true,"href":"https:\/\/su.babadigital.co\/en\/wp-json\/wp\/v2\/product_tag?post=17725"}],"curies":[{"name":"wp","href":"https:\/\/api.w.org\/{rel}","templated":true}]}}