{"id":16176,"date":"2022-07-05T12:27:37","date_gmt":"2022-07-05T12:27:37","guid":{"rendered":"https:\/\/su.babadigital.co\/?post_type=product&#038;p=16176"},"modified":"2023-07-03T11:04:11","modified_gmt":"2023-07-03T11:04:11","slug":"heal","status":"publish","type":"product","link":"https:\/\/su.babadigital.co\/en\/product\/heal\/","title":{"rendered":"Heal"},"content":{"rendered":"<p>*Sezonuna g\u00f6re \u00e7i\u00e7ekler farkl\u0131l\u0131k g\u00f6stermektedir. Detaylar i\u00e7in bizimle ileti\u015fime ge\u00e7meyi unutmay\u0131n.<span class=\"Apple-converted-space\">\u00a0<\/span><\/p>","protected":false},"excerpt":{"rendered":"<p>\u015eakay\u0131k, delfinyum, chrysanthemum, dahlia , lale, orkide ve \u00e7e\u015fitli ye\u015fillikler ile bezenmi\u015f \u00e7i\u00e7ek buketi<\/p>","protected":false},"featured_media":16170,"comment_status":"open","ping_status":"closed","template":"","meta":[],"product_cat":[54,359,202,110],"product_tag":[205,335,280,177,206,218],"class_list":["post-16176","product","type-product","status-publish","has-post-thumbnail","hentry","product_cat-buketler","product_cat-ozelgunkoleksiyonu","product_cat-premium-buketler","product_cat-su-flowers","product_tag-buket","product_tag-delfinyum","product_tag-lale","product_tag-orkide","product_tag-premium","product_tag-sakayik","tm-has-options"],"_links":{"self":[{"href":"https:\/\/su.babadigital.co\/en\/wp-json\/wp\/v2\/product\/16176","targetHints":{"allow":["GET"]}}],"collection":[{"href":"https:\/\/su.babadigital.co\/en\/wp-json\/wp\/v2\/product"}],"about":[{"href":"https:\/\/su.babadigital.co\/en\/wp-json\/wp\/v2\/types\/product"}],"replies":[{"embeddable":true,"href":"https:\/\/su.babadigital.co\/en\/wp-json\/wp\/v2\/comments?post=16176"}],"wp:featuredmedia":[{"embeddable":true,"href":"https:\/\/su.babadigital.co\/en\/wp-json\/wp\/v2\/media\/16170"}],"wp:attachment":[{"href":"https:\/\/su.babadigital.co\/en\/wp-json\/wp\/v2\/media?parent=16176"}],"wp:term":[{"taxonomy":"product_cat","embeddable":true,"href":"https:\/\/su.babadigital.co\/en\/wp-json\/wp\/v2\/product_cat?post=16176"},{"taxonomy":"product_tag","embeddable":true,"href":"https:\/\/su.babadigital.co\/en\/wp-json\/wp\/v2\/product_tag?post=16176"}],"curies":[{"name":"wp","href":"https:\/\/api.w.org\/{rel}","templated":true}]}}