{"id":14802,"date":"2022-05-31T10:58:25","date_gmt":"2022-05-31T10:58:25","guid":{"rendered":"https:\/\/su.babadigital.co\/?post_type=product&#038;p=14802"},"modified":"2023-07-03T11:04:04","modified_gmt":"2023-07-03T11:04:04","slug":"always","status":"publish","type":"product","link":"https:\/\/su.babadigital.co\/en\/product\/always\/","title":{"rendered":"Always"},"content":{"rendered":"<p>Dilerseniz buketin yaka \u00e7i\u00e7e\u011fini de sepetinize ekleyebilirsiniz.<\/p>\n<p>Sezonuna g\u00f6re kesme \u00e7i\u00e7ekler farkl\u0131l\u0131k g\u00f6stermektedir. Detaylar i\u00e7in bizimle ileti\u015fime ge\u00e7meyi unutmay\u0131n.<\/p>","protected":false},"excerpt":{"rendered":"<p>Peony, Dahlia, \u015eebboy, Rosa ve \u00e7e\u015fitli ye\u015filliklerle haz\u0131rlanm\u0131\u015f tasar\u0131m gelin\/ni\u015fan buketi.<\/p>","protected":false},"featured_media":14809,"comment_status":"open","ping_status":"closed","template":"","meta":[],"product_cat":[54,203,110],"product_tag":[205,207,209,208],"class_list":["post-14802","product","type-product","status-publish","has-post-thumbnail","hentry","product_cat-buketler","product_cat-dugun-nisan-cicegi","product_cat-su-flowers","product_tag-buket","product_tag-dugun","product_tag-gelin","product_tag-nisan","tm-has-options"],"_links":{"self":[{"href":"https:\/\/su.babadigital.co\/en\/wp-json\/wp\/v2\/product\/14802","targetHints":{"allow":["GET"]}}],"collection":[{"href":"https:\/\/su.babadigital.co\/en\/wp-json\/wp\/v2\/product"}],"about":[{"href":"https:\/\/su.babadigital.co\/en\/wp-json\/wp\/v2\/types\/product"}],"replies":[{"embeddable":true,"href":"https:\/\/su.babadigital.co\/en\/wp-json\/wp\/v2\/comments?post=14802"}],"wp:featuredmedia":[{"embeddable":true,"href":"https:\/\/su.babadigital.co\/en\/wp-json\/wp\/v2\/media\/14809"}],"wp:attachment":[{"href":"https:\/\/su.babadigital.co\/en\/wp-json\/wp\/v2\/media?parent=14802"}],"wp:term":[{"taxonomy":"product_cat","embeddable":true,"href":"https:\/\/su.babadigital.co\/en\/wp-json\/wp\/v2\/product_cat?post=14802"},{"taxonomy":"product_tag","embeddable":true,"href":"https:\/\/su.babadigital.co\/en\/wp-json\/wp\/v2\/product_tag?post=14802"}],"curies":[{"name":"wp","href":"https:\/\/api.w.org\/{rel}","templated":true}]}}