{"id":12536,"date":"2022-03-27T15:04:37","date_gmt":"2022-03-27T15:04:37","guid":{"rendered":"https:\/\/su.babadigital.co\/?post_type=product&#038;p=12536"},"modified":"2023-07-03T11:02:30","modified_gmt":"2023-07-03T11:02:30","slug":"diamonds","status":"publish","type":"product","link":"https:\/\/su.babadigital.co\/en\/product\/diamonds\/","title":{"rendered":"Diamonds"},"content":{"rendered":"<p>*Sezonuna g\u00f6re lale renkleri farkl\u0131l\u0131k g\u00f6stermektedir. Detaylar i\u00e7in bizimle ileti\u015fime ge\u00e7meyi unutmay\u0131n.<span class=\"Apple-converted-space\">\u00a0<\/span><\/p>","protected":false},"excerpt":{"rendered":"<p>15 adet kar\u0131\u015f\u0131k renk lale buketi.<\/p>\n<p>Lalelerin rengi haftal\u0131k de\u011fi\u015fiklik g\u00f6sterebilir.<\/p>","protected":false},"featured_media":12487,"comment_status":"open","ping_status":"closed","template":"","meta":[],"product_cat":[54,277,359,202,110],"product_tag":[205,280,206],"class_list":["post-12536","product","type-product","status-publish","has-post-thumbnail","hentry","product_cat-buketler","product_cat-daily-buketler","product_cat-ozelgunkoleksiyonu","product_cat-premium-buketler","product_cat-su-flowers","product_tag-buket","product_tag-lale","product_tag-premium","tm-has-options"],"_links":{"self":[{"href":"https:\/\/su.babadigital.co\/en\/wp-json\/wp\/v2\/product\/12536","targetHints":{"allow":["GET"]}}],"collection":[{"href":"https:\/\/su.babadigital.co\/en\/wp-json\/wp\/v2\/product"}],"about":[{"href":"https:\/\/su.babadigital.co\/en\/wp-json\/wp\/v2\/types\/product"}],"replies":[{"embeddable":true,"href":"https:\/\/su.babadigital.co\/en\/wp-json\/wp\/v2\/comments?post=12536"}],"wp:featuredmedia":[{"embeddable":true,"href":"https:\/\/su.babadigital.co\/en\/wp-json\/wp\/v2\/media\/12487"}],"wp:attachment":[{"href":"https:\/\/su.babadigital.co\/en\/wp-json\/wp\/v2\/media?parent=12536"}],"wp:term":[{"taxonomy":"product_cat","embeddable":true,"href":"https:\/\/su.babadigital.co\/en\/wp-json\/wp\/v2\/product_cat?post=12536"},{"taxonomy":"product_tag","embeddable":true,"href":"https:\/\/su.babadigital.co\/en\/wp-json\/wp\/v2\/product_tag?post=12536"}],"curies":[{"name":"wp","href":"https:\/\/api.w.org\/{rel}","templated":true}]}}