{"id":11534,"date":"2022-03-01T10:35:03","date_gmt":"2022-03-01T10:35:03","guid":{"rendered":"https:\/\/su.babadigital.co\/?post_type=product&#038;p=11534"},"modified":"2022-07-02T12:44:41","modified_gmt":"2022-07-02T12:44:41","slug":"licuala-spinosa","status":"publish","type":"product","link":"https:\/\/su.babadigital.co\/en\/product\/licuala-spinosa\/","title":{"rendered":"Licuala Spinosa"},"content":{"rendered":"<p>Saks\u0131 \u00c7ap: 19cm Bitki Boy: 75cm<\/p>\n<p>Licuala Spinosa, G\u00fcneydo\u011fu Asya\u2019da bulunur. Licuala Spinosa palmiyeniz bol \u0131\u015f\u0131k seven bir bitkidir, ancak direk g\u00fcne\u015f \u0131\u015f\u0131\u011f\u0131 almaktan ho\u015flanmazlar. Direk g\u00fcne\u015f \u0131\u015f\u0131\u011f\u0131na maruz kald\u0131klar\u0131nda yapraklar\u0131nda kahverengi lekeler olu\u015farak yapraklar\u0131 kurumaya ba\u015flar.<span class=\"Apple-converted-space\">\u00a0<\/span><\/p>","protected":false},"excerpt":{"rendered":"<p>Egzotik severlerin bitkisi Licuala Spinosa<\/p>","protected":false},"featured_media":11535,"comment_status":"open","ping_status":"closed","template":"","meta":[],"product_cat":[201,57],"product_tag":[],"class_list":["post-11534","product","type-product","status-publish","has-post-thumbnail","hentry","product_cat-su-plants","product_cat-yesil-yaprakli-bitkiler","tm-no-options"],"_links":{"self":[{"href":"https:\/\/su.babadigital.co\/en\/wp-json\/wp\/v2\/product\/11534","targetHints":{"allow":["GET"]}}],"collection":[{"href":"https:\/\/su.babadigital.co\/en\/wp-json\/wp\/v2\/product"}],"about":[{"href":"https:\/\/su.babadigital.co\/en\/wp-json\/wp\/v2\/types\/product"}],"replies":[{"embeddable":true,"href":"https:\/\/su.babadigital.co\/en\/wp-json\/wp\/v2\/comments?post=11534"}],"wp:featuredmedia":[{"embeddable":true,"href":"https:\/\/su.babadigital.co\/en\/wp-json\/wp\/v2\/media\/11535"}],"wp:attachment":[{"href":"https:\/\/su.babadigital.co\/en\/wp-json\/wp\/v2\/media?parent=11534"}],"wp:term":[{"taxonomy":"product_cat","embeddable":true,"href":"https:\/\/su.babadigital.co\/en\/wp-json\/wp\/v2\/product_cat?post=11534"},{"taxonomy":"product_tag","embeddable":true,"href":"https:\/\/su.babadigital.co\/en\/wp-json\/wp\/v2\/product_tag?post=11534"}],"curies":[{"name":"wp","href":"https:\/\/api.w.org\/{rel}","templated":true}]}}