{"id":11010,"date":"2022-02-14T11:48:00","date_gmt":"2022-02-14T11:48:00","guid":{"rendered":"https:\/\/su.babadigital.co\/?post_type=product&#038;p=11010"},"modified":"2023-06-09T10:35:24","modified_gmt":"2023-06-09T10:35:24","slug":"3-aylik-lale-buketi","status":"publish","type":"product","link":"https:\/\/su.babadigital.co\/en\/product\/3-aylik-lale-buketi\/","title":{"rendered":"3 Ayl\u0131k &#8211; Lale Buketi"},"content":{"rendered":"<p>Kendiniz veya sevdikleriniz i\u00e7in g\u00f6nderdi\u011fimiz \u00f6zel \u00e7e\u015fit ve renk ithal laleler ile evinizin\/ofisinizin havas\u0131 an\u0131nda de\u011fi\u015fecek.<\/p>\n<p><em>Vazo dahil de\u011fildir.<\/em><\/p>\n<p><em>20 dal ithal lale<\/em><\/p>\n<p><em>\u00dcyelik 3 ay\u0131n sonunda sonlanacakt\u0131r.<\/em><\/p>\n<p><em>Haftada 1 opsiyonu 12 haftal\u0131k g\u00f6nderim hizmetini kapsar.<\/em><\/p>\n<p><em>Haftada 2 opsiyonu 6 haftal\u0131k g\u00f6nderim hizmetini kapsar.<\/em><\/p>\n<p><em>Ayda 1 opsiyonu 3 g\u00f6nderim hizmetini kapsar.<\/em><\/p>","protected":false},"excerpt":{"rendered":"<p>Haftan\u0131n s\u00fcrpriz bir g\u00fcn\u00fc g\u00f6nderdi\u011fimiz taptaze ithal \u00e7i\u00e7ekler size ve sevdiklerinize mutluluk getirecek.<\/p>\n<p>Her hafta farkl\u0131 \u00e7e\u015fit ve renkte laleler g\u00f6nderilir.<\/p>","protected":false},"featured_media":12474,"comment_status":"open","ping_status":"closed","template":"","meta":[],"product_cat":[354,363],"product_tag":[245],"class_list":["post-11010","product","type-product","status-publish","has-post-thumbnail","hentry","product_cat-abonelik-uc-aylik","product_cat-lalebuketiabonelik","product_tag-abonelik","tm-has-options"],"_links":{"self":[{"href":"https:\/\/su.babadigital.co\/en\/wp-json\/wp\/v2\/product\/11010","targetHints":{"allow":["GET"]}}],"collection":[{"href":"https:\/\/su.babadigital.co\/en\/wp-json\/wp\/v2\/product"}],"about":[{"href":"https:\/\/su.babadigital.co\/en\/wp-json\/wp\/v2\/types\/product"}],"replies":[{"embeddable":true,"href":"https:\/\/su.babadigital.co\/en\/wp-json\/wp\/v2\/comments?post=11010"}],"wp:featuredmedia":[{"embeddable":true,"href":"https:\/\/su.babadigital.co\/en\/wp-json\/wp\/v2\/media\/12474"}],"wp:attachment":[{"href":"https:\/\/su.babadigital.co\/en\/wp-json\/wp\/v2\/media?parent=11010"}],"wp:term":[{"taxonomy":"product_cat","embeddable":true,"href":"https:\/\/su.babadigital.co\/en\/wp-json\/wp\/v2\/product_cat?post=11010"},{"taxonomy":"product_tag","embeddable":true,"href":"https:\/\/su.babadigital.co\/en\/wp-json\/wp\/v2\/product_tag?post=11010"}],"curies":[{"name":"wp","href":"https:\/\/api.w.org\/{rel}","templated":true}]}}