{"id":10935,"date":"2022-02-08T18:30:54","date_gmt":"2022-02-08T18:30:54","guid":{"rendered":"https:\/\/su.babadigital.co\/?post_type=product&#038;p=10935"},"modified":"2023-07-04T11:12:29","modified_gmt":"2023-07-04T11:12:29","slug":"phalaenopsis-orkide-beyaz-2-dal","status":"publish","type":"product","link":"https:\/\/su.babadigital.co\/en\/product\/phalaenopsis-orkide-beyaz-2-dal\/","title":{"rendered":"Phalaenopsis Orkide Beyaz &#8211; 2 Dal"},"content":{"rendered":"<p>Orkideleri do\u011fru zamanlarda do\u011fru miktarda beslemek, onlar\u0131n hem daha parlak \u00e7i\u00e7ekler vermesini, hem de daha sa\u011fl\u0131kl\u0131 b\u00fcy\u00fcmelerini sa\u011flar. Orkide besinlerinde, \u00e7i\u00e7e\u011fin gereksinim duydu\u011fu t\u00fcm makro ve mikro g\u0131dalar\u0131n tamam\u0131 olmal\u0131d\u0131r.<br \/>\nOrkide saks\u0131s\u0131 ile birlikte g\u00f6nderim sa\u011flan\u0131r. Saks\u0131lar farkl\u0131l\u0131k g\u00f6sterebilir.<\/p>","protected":false},"excerpt":{"rendered":"<p>2 dall\u0131 beyaz orkide<\/p>","protected":false},"featured_media":10911,"comment_status":"open","ping_status":"closed","template":"","meta":[],"product_cat":[56,110],"product_tag":[236,188,177],"class_list":["post-10935","product","type-product","status-publish","has-post-thumbnail","hentry","product_cat-orkideler","product_cat-su-flowers","product_tag-2-dal","product_tag-beyaz","product_tag-orkide","tm-has-options"],"_links":{"self":[{"href":"https:\/\/su.babadigital.co\/en\/wp-json\/wp\/v2\/product\/10935","targetHints":{"allow":["GET"]}}],"collection":[{"href":"https:\/\/su.babadigital.co\/en\/wp-json\/wp\/v2\/product"}],"about":[{"href":"https:\/\/su.babadigital.co\/en\/wp-json\/wp\/v2\/types\/product"}],"replies":[{"embeddable":true,"href":"https:\/\/su.babadigital.co\/en\/wp-json\/wp\/v2\/comments?post=10935"}],"wp:featuredmedia":[{"embeddable":true,"href":"https:\/\/su.babadigital.co\/en\/wp-json\/wp\/v2\/media\/10911"}],"wp:attachment":[{"href":"https:\/\/su.babadigital.co\/en\/wp-json\/wp\/v2\/media?parent=10935"}],"wp:term":[{"taxonomy":"product_cat","embeddable":true,"href":"https:\/\/su.babadigital.co\/en\/wp-json\/wp\/v2\/product_cat?post=10935"},{"taxonomy":"product_tag","embeddable":true,"href":"https:\/\/su.babadigital.co\/en\/wp-json\/wp\/v2\/product_tag?post=10935"}],"curies":[{"name":"wp","href":"https:\/\/api.w.org\/{rel}","templated":true}]}}